{"id":1394,"date":"2021-12-02T15:06:48","date_gmt":"2021-12-02T14:06:48","guid":{"rendered":"https:\/\/tatranrousinov.cz\/fotbal\/?page_id=1394"},"modified":"2021-12-03T08:55:18","modified_gmt":"2021-12-03T07:55:18","slug":"zpracovani-osobnich-udaju-a-cookies","status":"publish","type":"page","link":"https:\/\/tatranrousinov.cz\/fotbal\/zpracovani-osobnich-udaju-a-cookies\/","title":{"rendered":"Zpracov\u00e1n\u00ed osobn\u00edch \u00fadaj\u016f a cookies"},"content":{"rendered":"\n[et_pb_section fb_built=&#8220;1&#8243; custom_padding_last_edited=&#8220;on|tablet&#8220; admin_label=&#8220;Schedule&#8220; _builder_version=&#8220;4.10.6&#8243; use_background_color_gradient=&#8220;on&#8220; background_color_gradient_start=&#8220;rgba(255,255,255,0.93)&#8220; background_color_gradient_end=&#8220;#ffffff&#8220; background_color_gradient_direction=&#8220;280deg&#8220; background_color_gradient_end_position=&#8220;64%&#8220; background_color_gradient_overlays_image=&#8220;on&#8220; background_image=&#8220;https:\/\/tatranrousinov.cz\/fotbal\/wp-content\/uploads\/sites\/3\/2021\/09\/background.png&#8220; background_size=&#8220;initial&#8220; background_position=&#8220;top_right&#8220; max_width_tablet=&#8220;&#8220; max_width_phone=&#8220;100%&#8220; max_width_last_edited=&#8220;on|phone&#8220; custom_margin=&#8220;|||&#8220; custom_padding=&#8220;|10vw||&#8220; custom_padding_tablet=&#8220;|0vw||&#8220; custom_padding_phone=&#8220;&#8220; bottom_divider_color=&#8220;#01633a&#8220; bottom_divider_height=&#8220;24px&#8220; bottom_divider_repeat=&#8220;1x&#8220; border_color_all=&#8220;#01633a&#8220; border_width_left=&#8220;5vw&#8220; locked=&#8220;off&#8220; global_colors_info=&#8220;{}&#8220;][et_pb_row _builder_version=&#8220;4.10.6&#8243; locked=&#8220;off&#8220; global_colors_info=&#8220;{}&#8220;][et_pb_column type=&#8220;4_4&#8243; _builder_version=&#8220;3.25&#8243; custom_padding=&#8220;|||&#8220; global_colors_info=&#8220;{}&#8220; custom_padding__hover=&#8220;|||&#8220;][et_pb_text _builder_version=&#8220;4.14.1&#8243; text_font=&#8220;||||||||&#8220; text_line_height=&#8220;1.9em&#8220; header_font=&#8220;Poppins|700|||||||&#8220; header_font_size=&#8220;36px&#8220; header_2_font=&#8220;Roboto|300|||||||&#8220; header_2_font_size=&#8220;50px&#8220; header_2_line_height=&#8220;1.2em&#8220; max_width=&#8220;700px&#8220; max_width_tablet=&#8220;&#8220; max_width_phone=&#8220;&#8220; max_width_last_edited=&#8220;on|desktop&#8220; custom_margin=&#8220;0px||0px||false|false&#8220; header_2_font_size_tablet=&#8220;40px&#8220; header_2_font_size_phone=&#8220;32px&#8220; header_2_font_size_last_edited=&#8220;on|phone&#8220; global_colors_info=&#8220;{}&#8220;]<h1>Zpracov\u00e1n\u00ed osobn\u00edch \u00fadaj\u016f a\u00a0cookies<\/h1>[\/et_pb_text][et_pb_team_member _builder_version=&#8220;4.10.6&#8243; _module_preset=&#8220;default&#8220; global_colors_info=&#8220;{}&#8220;][\/et_pb_team_member][\/et_pb_column][\/et_pb_row][et_pb_row _builder_version=&#8220;4.10.6&#8243; _module_preset=&#8220;default&#8220; global_colors_info=&#8220;{}&#8220;][et_pb_column type=&#8220;4_4&#8243; _builder_version=&#8220;4.10.6&#8243; _module_preset=&#8220;default&#8220; global_colors_info=&#8220;{}&#8220;][et_pb_blurb title=&#8220;Z\u00e1sady ochrany osobn\u00edch \u00fadaj\u016f&#8220; content_max_width=&#8220;100%&#8220; _builder_version=&#8220;4.14.1&#8243; _module_preset=&#8220;default&#8220; body_link_text_color=&#8220;#01633a&#8220; global_colors_info=&#8220;{}&#8220;]<p>&nbsp;<\/p>\n<p>V n\u00e1sleduj\u00edc\u00edm textu se do\u010dtete, jak\u00fdm zp\u016fsobem nakl\u00e1d\u00e1me s\u00a0osobn\u00edmi \u00fadaji, kter\u00e9 z\u00edsk\u00e1v\u00e1me na z\u00e1klad\u011b V\u00e1mi ud\u011blen\u00e9ho souhlasu nebo na z\u00e1klad\u011b pr\u00e1vn\u00edho z\u00e1kladu pro zpracov\u00e1n\u00ed osobn\u00edch \u00fadaj\u016f. Tyto z\u00e1sady jsou p\u0159ipraveny spole\u010dnost\u00ed<span> TJ TATRAN Rous\u00ednov, z.s.<\/span>\u00a0za \u00fa\u010delem zaji\u0161t\u011bn\u00ed informa\u010dn\u00ed povinnosti dle \u010dl. 13 GDPR.<\/p>\n<p>&nbsp;<\/p>\n<h2>1. Kdo bude va\u0161e \u00fadaje zpracov\u00e1vat?<\/h2>\n<p>TJ TATRAN Rous\u00ednov, z.s. I\u010c:<span> 42660050<\/span>, se s\u00eddlem:<span> Tyr\u0161ova 1137\/23, 683 01 Rous\u00ednov <\/span>(d\u00e1le jen \u201eTatran Rous\u00ednov\u201c)<\/p>\n<p>&nbsp;<\/p>\n<h2>2. Jak\u00e9 osobn\u00ed \u00fadaje zpracov\u00e1v\u00e1me?<\/h2>\n<p>Na z\u00e1klad\u011b Va\u0161eho souhlasu \u010di jin\u00e9ho pr\u00e1vn\u00edho z\u00e1kladu zpracov\u00e1v\u00e1me n\u00e1sleduj\u00edc\u00ed \u00fadaje<\/p>\n<ul>\n<li>jm\u00e9no a\u00a0p\u0159\u00edjmen\u00ed (u\u00a0fyzick\u00e9 osoby podnikatele i\u00a0obchodn\u00ed \ufb01rmy, I\u010cO a\u00a0s\u00eddlo)<\/li>\n<li>kontaktn\u00ed \u00fadaje, telefonn\u00ed \u010d\u00edslo, mail<\/li>\n<li>po\u0161tovn\u00ed adresa<\/li>\n<li>faktura\u010dn\u00ed adresa<\/li>\n<\/ul>\n<p>&nbsp;<\/p>\n<h2>3. Z\u00a0jak\u00e9ho zdroje osobn\u00ed \u00fadaje poch\u00e1z\u00ed?<\/h2>\n<p>Osobn\u00ed a kontaktn\u00ed \u00fadaje poch\u00e1z\u00ed z\u00a0telefonick\u00fdch a\u00a0e-mailov\u00fdch popt\u00e1vek.<\/p>\n<p>&nbsp;<\/p>\n<h2>4. Za jak\u00fdm \u00fa\u010delem zpracov\u00e1v\u00e1me osobn\u00ed \u00fadaje klient\u016f?<\/h2>\n<p>Osobn\u00ed \u00fadaje klient\u016f zpracov\u00e1v\u00e1me za \u00fa\u010delem pln\u011bn\u00ed uzav\u0159en\u00fdch smluv, tedy za \u00fa\u010delem vy\u0159\u00edzen\u00ed objedn\u00e1vky a\u00a0odpov\u011bdi na popt\u00e1vku zaslanou zejm\u00e9na p\u0159es kontaktn\u00ed formul\u00e1\u0159. Za \u00fa\u010delem pln\u011bn\u00ed smlouvy s\u00a0klientem komunikujeme skrze uveden\u00e9 kontaktn\u00ed \u00fadaje. V\u00a0p\u0159\u00edpad\u011b, \u017ee klient odsouhlasil vyu\u017e\u00edv\u00e1n\u00ed kontaktn\u00edch \u00fadaj\u016f pro zas\u00edl\u00e1n\u00ed obchodn\u00edch sd\u011blen\u00ed, pak \u00fadaje vyu\u017e\u00edv\u00e1me i\u00a0pro zas\u00edl\u00e1n\u00ed obchodn\u00edch sd\u011blen\u00ed. Klient se m\u016f\u017ee kdykoliv odhl\u00e1sit.<\/p>\n<p>&nbsp;<\/p>\n<h2>5. Komu jsou osobn\u00ed \u00fadaje p\u0159\u00edstupn\u00e9?<\/h2>\n<p>Osobn\u00ed \u00fadaje zpracov\u00e1v\u00e1me manu\u00e1ln\u011b i automatizovan\u011b a jsou ur\u010den\u00e9 pouze opr\u00e1vn\u011bn\u00fdm zam\u011bstnanc\u016fm Tatran Rous\u00ednov.<\/p>\n<p>&nbsp;<\/p>\n<h2>6. Soubory Cookies<\/h2>\n<p>K personalizaci obsahu, poskytov\u00e1n\u00ed funkc\u00ed soci\u00e1ln\u00edch m\u00e9di\u00ed a anal\u00fdze na\u0161\u00ed n\u00e1v\u0161t\u011bvnosti vyu\u017e\u00edv\u00e1me soubory cookie. Informace o tom, jak n\u00e1\u0161 web pou\u017e\u00edv\u00e1te, sd\u00edl\u00edme se sv\u00fdmi partnery pro soci\u00e1ln\u00ed m\u00e9dia a anal\u00fdzy. Partne\u0159i tyto \u00fadaje mohou zkombinovat s dal\u0161\u00edmi informacemi, kter\u00e9 jste jim poskytli nebo kter\u00e9 z\u00edskali v d\u016fsledku toho, \u017ee pou\u017e\u00edv\u00e1te jejich slu\u017eby.<\/p>\n<p>&nbsp;<\/p>\n<h2>7. Pou\u017e\u00edvan\u00e9 reklamn\u00ed syst\u00e9my<\/h2>\n<p>Na na\u0161ich webov\u00fdch str\u00e1nk\u00e1ch<span>\u00a0<\/span><a href=\"https:\/\/www.tatranrousinov.cz\/\">www.tatranrousinov.cz<\/a>\u00a0pou\u017e\u00edv\u00e1me reklamn\u00ed syst\u00e9my slu\u017eby Sklik provozovan\u00e9 spole\u010dnost\u00ed Seznam.cz, a.s. a\u00a0reklamn\u00ed syst\u00e9m spole\u010dnosti Google, Google AdWords. Tyto syst\u00e9my n\u00e1m umo\u017e\u0148uj\u00ed v\u00a0r\u00e1mci remarketingu a\u00a0retargetingu p\u0159edstavit na\u0161e produkty n\u00e1v\u0161t\u011bvn\u00edk\u016fm, kte\u0159\u00ed o\u00a0n\u011b ji\u017e projevili z\u00e1jem. Skrze tyto syst\u00e9my je rovn\u011b\u017e mo\u017en\u00e9 web zobrazovat v\u00a0placen\u00fdch v\u00fdsledc\u00edch vyhled\u00e1v\u00e1n\u00ed.<\/p>\n<p>&nbsp;<\/p>\n<h2>8. Doba uchov\u00e1v\u00e1n\u00ed osobn\u00edch \u00fadaj\u016f<\/h2>\n<p>Osobn\u00ed \u00fadaje uchov\u00e1v\u00e1me po dobu trv\u00e1n\u00ed smluvn\u00edho vztahu s\u00a0klientem a\u00a0d\u00e1le po dobu nezbytn\u011b nutnou pro napln\u011bn\u00ed pr\u00e1vn\u00edch z\u00e1klad\u016f nebo do odvol\u00e1n\u00ed souhlasu. Pot\u00e9 \u00fadaje vyma\u017eeme, p\u0159\u00edpadn\u011b vyu\u017e\u00edv\u00e1me jen do t\u00e9 m\u00edry, kter\u00e1 si nevy\u017eaduje dal\u0161\u00ed souhlas.<\/p>\n<p>&nbsp;<\/p>\n<h2>9. Jak\u00fdm zp\u016fsobem data chr\u00e1n\u00edme?<\/h2>\n<p>Va\u0161e data chr\u00e1n\u00edme dostupn\u00fdmi technick\u00fdmi i\u00a0organiza\u010dn\u00edmi opat\u0159en\u00edmi dle z\u00e1kona \u010di jin\u00fdch z\u00e1va\u017en\u00fdch pr\u00e1vn\u00edch p\u0159edpis\u016f. Osobn\u00ed \u00fadaje chr\u00e1n\u00edme pomoc\u00ed zabezpe\u010dovac\u00edch prvk\u016f jako je \u0161irfrovan\u00e1 komunikace, bezpe\u010dnostn\u00ed hesla, spolehliv\u00e9 antiviry, smluvn\u00ed ml\u010denlivost\u00ed a\u00a0profesion\u00e1ln\u00edm p\u0159\u00edstupem. Va\u0161e data jsme povinni poskytnout pouze v\u00a0p\u0159\u00edpad\u011b \u017e\u00e1dosti ze strany st\u00e1tn\u00edch org\u00e1n\u016f jako je Policie \u010cR a\u00a0st\u00e1tn\u00edm \u00fa\u0159ad\u016fm za \u00fa\u010delem prov\u00e1d\u011bn\u00ed kontrol.<\/p>\n<p>&nbsp;<\/p>\n<h2>10. P\u0159\u00edstup klienta k\u00a0osobn\u00edm \u00fadaj\u016fm<\/h2>\n<p>Klient m\u00e1 pr\u00e1vo z\u00edskat od spr\u00e1vce p\u0159\u00edstup k osobn\u00edm \u00fadaj\u016fm. Po zasl\u00e1n\u00ed dotazu na\u00a0 <span>TJTATRANRousinov@seznam.cz<\/span> klient z\u00edsk\u00e1 ve\u0161ker\u00e9 informace o zpracov\u00e1n\u00ed osobn\u00edch \u00fadaj\u016f a rovn\u011b\u017e m\u00e1 pr\u00e1vo za\u017e\u00e1dat o p\u0159\u00edpadnou \u00fapravu nep\u0159esn\u00fdch \u010di \u0161patn\u00fdch \u00fadaj\u016f. Klient m\u00e1 pr\u00e1vo na v\u00fdmaz, pokud ji\u017e skon\u010dila archiva\u010dn\u00ed doba nutn\u00e1 pro napln\u011bn\u00ed \u00fa\u010delu smlouvy, na omezen\u00ed zpracov\u00e1n\u00ed a na vznesen\u00ed n\u00e1mitky, pokud se domn\u00edv\u00e1, \u017ee zpracov\u00e1n\u00ed \u00fadaj\u016f nen\u00ed v souladu s GDPR.<\/p>\n<p>&nbsp;<\/p>\n<p>Tyto z\u00e1sady nab\u00fdvaj\u00ed \u00fa\u010dinnosti dnem 1.\u00a01.\u00a02021 a\u00a0jsou k\u00a0dispozici online na<span>\u00a0<\/span><a href=\"https:\/\/www.tatranrousinov.cz\/\">www.tatranrousinov.cz<\/a> . Spole\u010dnost Tatran Rous\u00ednov si vyhrazuje pr\u00e1vo tyto Z\u00e1sady zm\u011bnit.<\/p>[\/et_pb_blurb][\/et_pb_column][\/et_pb_row][\/et_pb_section]\n","protected":false},"excerpt":{"rendered":"<p>Zpracov\u00e1n\u00ed osobn\u00edch \u00fadaj\u016f a\u00a0cookies&nbsp; V n\u00e1sleduj\u00edc\u00edm textu se do\u010dtete, jak\u00fdm zp\u016fsobem nakl\u00e1d\u00e1me s\u00a0osobn\u00edmi \u00fadaji, kter\u00e9 z\u00edsk\u00e1v\u00e1me na z\u00e1klad\u011b V\u00e1mi ud\u011blen\u00e9ho souhlasu nebo na z\u00e1klad\u011b pr\u00e1vn\u00edho z\u00e1kladu pro zpracov\u00e1n\u00ed osobn\u00edch \u00fadaj\u016f. Tyto z\u00e1sady jsou p\u0159ipraveny spole\u010dnost\u00ed TJ TATRAN Rous\u00ednov, z.s.\u00a0za \u00fa\u010delem zaji\u0161t\u011bn\u00ed informa\u010dn\u00ed povinnosti dle \u010dl. 13 GDPR. &nbsp; 1. Kdo bude va\u0161e \u00fadaje zpracov\u00e1vat? TJ [&hellip;]<\/p>\n","protected":false},"author":1,"featured_media":0,"parent":0,"menu_order":0,"comment_status":"closed","ping_status":"closed","template":"","meta":{"_et_pb_use_builder":"on","_et_pb_old_content":"","_et_gb_content_width":"","inline_featured_image":false,"footnotes":""},"class_list":["post-1394","page","type-page","status-publish","hentry"],"rankMath":{"parentDomain":"tatranrousinov.cz","noFollowDomains":[],"noFollowExcludeDomains":[],"noFollowExternalLinks":false,"featuredImageNotice":"Doporu\u010den\u00fd obr\u00e1zek by m\u011bl b\u00fdt alespo\u0148 200 x 200 pixel\u016f, aby jej bylo mo\u017en\u00e9 zachytit na Facebooku a na jin\u00fdch soci\u00e1ln\u00edch s\u00edt\u00edch.","pluginReviewed":false,"postSettings":{"linkSuggestions":true,"useFocusKeyword":false},"frontEndScore":false,"postName":"zpracovani-osobnich-udaju-a-cookies","permalinkFormat":"https:\/\/tatranrousinov.cz\/fotbal\/%pagename%\/","showLockModifiedDate":true,"assessor":{"focusKeywordLink":"https:\/\/tatranrousinov.cz\/fotbal\/wp-admin\/edit.php?focus_keyword=%focus_keyword%&post_type=%post_type%","hasTOCPlugin":false,"primaryTaxonomy":false,"serpData":{"title":"","description":"","focusKeywords":"","pillarContent":false,"canonicalUrl":"","breadcrumbTitle":"","advancedRobots":{"max-snippet":"-1","max-video-preview":"-1","max-image-preview":"large"},"facebookTitle":"","facebookDescription":"","facebookImage":"","facebookImageID":"","facebookHasOverlay":false,"facebookImageOverlay":"","facebookAuthor":"","twitterCardType":"","twitterUseFacebook":true,"twitterTitle":"","twitterDescription":"","twitterImage":"","twitterImageID":"","twitterHasOverlay":false,"twitterImageOverlay":"","twitterPlayerUrl":"","twitterPlayerSize":"","twitterPlayerStream":"","twitterPlayerStreamCtype":"","twitterAppDescription":"","twitterAppIphoneName":"","twitterAppIphoneID":"","twitterAppIphoneUrl":"","twitterAppIpadName":"","twitterAppIpadID":"","twitterAppIpadUrl":"","twitterAppGoogleplayName":"","twitterAppGoogleplayID":"","twitterAppGoogleplayUrl":"","twitterAppCountry":"","robots":{"noindex":true},"twitterAuthor":"u\u017eivatelsk\u00e9 jm\u00e9no","primaryTerm":0,"authorName":"admin","titleTemplate":"%title% %sep% %sitename%","descriptionTemplate":"%excerpt%","showScoreFrontend":true,"lockModifiedDate":false},"powerWords":[],"diacritics":{"A":"[\\u0041\\u24B6\\uFF21\\u00C0\\u00C1\\u00C2\\u1EA6\\u1EA4\\u1EAA\\u1EA8\\u00C3\\u0100\\u0102\\u1EB0\\u1EAE\\u1EB4\\u1EB2\\u0226\\u01E0\\u00C4\\u01DE\\u1EA2\\u00C5\\u01FA\\u01CD\\u0200\\u0202\\u1EA0\\u1EAC\\u1EB6\\u1E00\\u0104\\u023A\\u2C6F]","AA":"[\\uA732]","AE":"[\\u00C6\\u01FC\\u01E2]","AO":"[\\uA734]","AU":"[\\uA736]","AV":"[\\uA738\\uA73A]","AY":"[\\uA73C]","B":"[\\u0042\\u24B7\\uFF22\\u1E02\\u1E04\\u1E06\\u0243\\u0182\\u0181]","C":"[\\u0043\\u24B8\\uFF23\\u0106\\u0108\\u010A\\u010C\\u00C7\\u1E08\\u0187\\u023B\\uA73E]","D":"[\\u0044\\u24B9\\uFF24\\u1E0A\\u010E\\u1E0C\\u1E10\\u1E12\\u1E0E\\u0110\\u018B\\u018A\\u0189\\uA779]","DZ":"[\\u01F1\\u01C4]","Dz":"[\\u01F2\\u01C5]","E":"[\\u0045\\u24BA\\uFF25\\u00C8\\u00C9\\u00CA\\u1EC0\\u1EBE\\u1EC4\\u1EC2\\u1EBC\\u0112\\u1E14\\u1E16\\u0114\\u0116\\u00CB\\u1EBA\\u011A\\u0204\\u0206\\u1EB8\\u1EC6\\u0228\\u1E1C\\u0118\\u1E18\\u1E1A\\u0190\\u018E]","F":"[\\u0046\\u24BB\\uFF26\\u1E1E\\u0191\\uA77B]","G":"[\\u0047\\u24BC\\uFF27\\u01F4\\u011C\\u1E20\\u011E\\u0120\\u01E6\\u0122\\u01E4\\u0193\\uA7A0\\uA77D\\uA77E]","H":"[\\u0048\\u24BD\\uFF28\\u0124\\u1E22\\u1E26\\u021E\\u1E24\\u1E28\\u1E2A\\u0126\\u2C67\\u2C75\\uA78D]","I":"[\\u0049\\u24BE\\uFF29\\u00CC\\u00CD\\u00CE\\u0128\\u012A\\u012C\\u0130\\u00CF\\u1E2E\\u1EC8\\u01CF\\u0208\\u020A\\u1ECA\\u012E\\u1E2C\\u0197]","J":"[\\u004A\\u24BF\\uFF2A\\u0134\\u0248]","K":"[\\u004B\\u24C0\\uFF2B\\u1E30\\u01E8\\u1E32\\u0136\\u1E34\\u0198\\u2C69\\uA740\\uA742\\uA744\\uA7A2]","L":"[\\u004C\\u24C1\\uFF2C\\u013F\\u0139\\u013D\\u1E36\\u1E38\\u013B\\u1E3C\\u1E3A\\u0141\\u023D\\u2C62\\u2C60\\uA748\\uA746\\uA780]","LJ":"[\\u01C7]","Lj":"[\\u01C8]","M":"[\\u004D\\u24C2\\uFF2D\\u1E3E\\u1E40\\u1E42\\u2C6E\\u019C]","N":"[\\u004E\\u24C3\\uFF2E\\u01F8\\u0143\\u00D1\\u1E44\\u0147\\u1E46\\u0145\\u1E4A\\u1E48\\u0220\\u019D\\uA790\\uA7A4]","NJ":"[\\u01CA]","Nj":"[\\u01CB]","O":"[\\u004F\\u24C4\\uFF2F\\u00D2\\u00D3\\u00D4\\u1ED2\\u1ED0\\u1ED6\\u1ED4\\u00D5\\u1E4C\\u022C\\u1E4E\\u014C\\u1E50\\u1E52\\u014E\\u022E\\u0230\\u00D6\\u022A\\u1ECE\\u0150\\u01D1\\u020C\\u020E\\u01A0\\u1EDC\\u1EDA\\u1EE0\\u1EDE\\u1EE2\\u1ECC\\u1ED8\\u01EA\\u01EC\\u00D8\\u01FE\\u0186\\u019F\\uA74A\\uA74C]","OI":"[\\u01A2]","OO":"[\\uA74E]","OU":"[\\u0222]","P":"[\\u0050\\u24C5\\uFF30\\u1E54\\u1E56\\u01A4\\u2C63\\uA750\\uA752\\uA754]","Q":"[\\u0051\\u24C6\\uFF31\\uA756\\uA758\\u024A]","R":"[\\u0052\\u24C7\\uFF32\\u0154\\u1E58\\u0158\\u0210\\u0212\\u1E5A\\u1E5C\\u0156\\u1E5E\\u024C\\u2C64\\uA75A\\uA7A6\\uA782]","S":"[\\u0053\\u24C8\\uFF33\\u1E9E\\u015A\\u1E64\\u015C\\u1E60\\u0160\\u1E66\\u1E62\\u1E68\\u0218\\u015E\\u2C7E\\uA7A8\\uA784]","T":"[\\u0054\\u24C9\\uFF34\\u1E6A\\u0164\\u1E6C\\u021A\\u0162\\u1E70\\u1E6E\\u0166\\u01AC\\u01AE\\u023E\\uA786]","TZ":"[\\uA728]","U":"[\\u0055\\u24CA\\uFF35\\u00D9\\u00DA\\u00DB\\u0168\\u1E78\\u016A\\u1E7A\\u016C\\u00DC\\u01DB\\u01D7\\u01D5\\u01D9\\u1EE6\\u016E\\u0170\\u01D3\\u0214\\u0216\\u01AF\\u1EEA\\u1EE8\\u1EEE\\u1EEC\\u1EF0\\u1EE4\\u1E72\\u0172\\u1E76\\u1E74\\u0244]","V":"[\\u0056\\u24CB\\uFF36\\u1E7C\\u1E7E\\u01B2\\uA75E\\u0245]","VY":"[\\uA760]","W":"[\\u0057\\u24CC\\uFF37\\u1E80\\u1E82\\u0174\\u1E86\\u1E84\\u1E88\\u2C72]","X":"[\\u0058\\u24CD\\uFF38\\u1E8A\\u1E8C]","Y":"[\\u0059\\u24CE\\uFF39\\u1EF2\\u00DD\\u0176\\u1EF8\\u0232\\u1E8E\\u0178\\u1EF6\\u1EF4\\u01B3\\u024E\\u1EFE]","Z":"[\\u005A\\u24CF\\uFF3A\\u0179\\u1E90\\u017B\\u017D\\u1E92\\u1E94\\u01B5\\u0224\\u2C7F\\u2C6B\\uA762]","a":"[\\u0061\\u24D0\\uFF41\\u1E9A\\u00E0\\u00E1\\u00E2\\u1EA7\\u1EA5\\u1EAB\\u1EA9\\u00E3\\u0101\\u0103\\u1EB1\\u1EAF\\u1EB5\\u1EB3\\u0227\\u01E1\\u00E4\\u01DF\\u1EA3\\u00E5\\u01FB\\u01CE\\u0201\\u0203\\u1EA1\\u1EAD\\u1EB7\\u1E01\\u0105\\u2C65\\u0250]","aa":"[\\uA733]","ae":"[\\u00E6\\u01FD\\u01E3]","ao":"[\\uA735]","au":"[\\uA737]","av":"[\\uA739\\uA73B]","ay":"[\\uA73D]","b":"[\\u0062\\u24D1\\uFF42\\u1E03\\u1E05\\u1E07\\u0180\\u0183\\u0253]","c":"[\\u0063\\u24D2\\uFF43\\u0107\\u0109\\u010B\\u010D\\u00E7\\u1E09\\u0188\\u023C\\uA73F\\u2184]","d":"[\\u0064\\u24D3\\uFF44\\u1E0B\\u010F\\u1E0D\\u1E11\\u1E13\\u1E0F\\u0111\\u018C\\u0256\\u0257\\uA77A]","dz":"[\\u01F3\\u01C6]","e":"[\\u0065\\u24D4\\uFF45\\u00E8\\u00E9\\u00EA\\u1EC1\\u1EBF\\u1EC5\\u1EC3\\u1EBD\\u0113\\u1E15\\u1E17\\u0115\\u0117\\u00EB\\u1EBB\\u011B\\u0205\\u0207\\u1EB9\\u1EC7\\u0229\\u1E1D\\u0119\\u1E19\\u1E1B\\u0247\\u025B\\u01DD]","f":"[\\u0066\\u24D5\\uFF46\\u1E1F\\u0192\\uA77C]","g":"[\\u0067\\u24D6\\uFF47\\u01F5\\u011D\\u1E21\\u011F\\u0121\\u01E7\\u0123\\u01E5\\u0260\\uA7A1\\u1D79\\uA77F]","h":"[\\u0068\\u24D7\\uFF48\\u0125\\u1E23\\u1E27\\u021F\\u1E25\\u1E29\\u1E2B\\u1E96\\u0127\\u2C68\\u2C76\\u0265]","hv":"[\\u0195]","i":"[\\u0069\\u24D8\\uFF49\\u00EC\\u00ED\\u00EE\\u0129\\u012B\\u012D\\u00EF\\u1E2F\\u1EC9\\u01D0\\u0209\\u020B\\u1ECB\\u012F\\u1E2D\\u0268\\u0131]","j":"[\\u006A\\u24D9\\uFF4A\\u0135\\u01F0\\u0249]","k":"[\\u006B\\u24DA\\uFF4B\\u1E31\\u01E9\\u1E33\\u0137\\u1E35\\u0199\\u2C6A\\uA741\\uA743\\uA745\\uA7A3]","l":"[\\u006C\\u24DB\\uFF4C\\u0140\\u013A\\u013E\\u1E37\\u1E39\\u013C\\u1E3D\\u1E3B\\u017F\\u0142\\u019A\\u026B\\u2C61\\uA749\\uA781\\uA747]","lj":"[\\u01C9]","m":"[\\u006D\\u24DC\\uFF4D\\u1E3F\\u1E41\\u1E43\\u0271\\u026F]","n":"[\\u006E\\u24DD\\uFF4E\\u01F9\\u0144\\u00F1\\u1E45\\u0148\\u1E47\\u0146\\u1E4B\\u1E49\\u019E\\u0272\\u0149\\uA791\\uA7A5]","nj":"[\\u01CC]","o":"[\\u006F\\u24DE\\uFF4F\\u00F2\\u00F3\\u00F4\\u1ED3\\u1ED1\\u1ED7\\u1ED5\\u00F5\\u1E4D\\u022D\\u1E4F\\u014D\\u1E51\\u1E53\\u014F\\u022F\\u0231\\u00F6\\u022B\\u1ECF\\u0151\\u01D2\\u020D\\u020F\\u01A1\\u1EDD\\u1EDB\\u1EE1\\u1EDF\\u1EE3\\u1ECD\\u1ED9\\u01EB\\u01ED\\u00F8\\u01FF\\u0254\\uA74B\\uA74D\\u0275]","oi":"[\\u01A3]","ou":"[\\u0223]","oo":"[\\uA74F]","p":"[\\u0070\\u24DF\\uFF50\\u1E55\\u1E57\\u01A5\\u1D7D\\uA751\\uA753\\uA755]","q":"[\\u0071\\u24E0\\uFF51\\u024B\\uA757\\uA759]","r":"[\\u0072\\u24E1\\uFF52\\u0155\\u1E59\\u0159\\u0211\\u0213\\u1E5B\\u1E5D\\u0157\\u1E5F\\u024D\\u027D\\uA75B\\uA7A7\\uA783]","s":"[\\u0073\\u24E2\\uFF53\\u015B\\u1E65\\u015D\\u1E61\\u0161\\u1E67\\u1E63\\u1E69\\u0219\\u015F\\u023F\\uA7A9\\uA785\\u1E9B]","ss":"[\\u00DF]","t":"[\\u0074\\u24E3\\uFF54\\u1E6B\\u1E97\\u0165\\u1E6D\\u021B\\u0163\\u1E71\\u1E6F\\u0167\\u01AD\\u0288\\u2C66\\uA787]","tz":"[\\uA729]","u":"[\\u0075\\u24E4\\uFF55\\u00F9\\u00FA\\u00FB\\u0169\\u1E79\\u016B\\u1E7B\\u016D\\u00FC\\u01DC\\u01D8\\u01D6\\u01DA\\u1EE7\\u016F\\u0171\\u01D4\\u0215\\u0217\\u01B0\\u1EEB\\u1EE9\\u1EEF\\u1EED\\u1EF1\\u1EE5\\u1E73\\u0173\\u1E77\\u1E75\\u0289]","v":"[\\u0076\\u24E5\\uFF56\\u1E7D\\u1E7F\\u028B\\uA75F\\u028C]","vy":"[\\uA761]","w":"[\\u0077\\u24E6\\uFF57\\u1E81\\u1E83\\u0175\\u1E87\\u1E85\\u1E98\\u1E89\\u2C73]","x":"[\\u0078\\u24E7\\uFF58\\u1E8B\\u1E8D]","y":"[\\u0079\\u24E8\\uFF59\\u1EF3\\u00FD\\u0177\\u1EF9\\u0233\\u1E8F\\u00FF\\u1EF7\\u1E99\\u1EF5\\u01B4\\u024F\\u1EFF]","z":"[\\u007A\\u24E9\\uFF5A\\u017A\\u1E91\\u017C\\u017E\\u1E93\\u1E95\\u01B6\\u0225\\u0240\\u2C6C\\uA763]"},"researchesTests":["contentHasTOC","contentHasShortParagraphs","contentHasAssets","keywordInTitle","keywordInMetaDescription","keywordInPermalink","keywordIn10Percent","keywordInContent","keywordInSubheadings","keywordInImageAlt","keywordDensity","keywordNotUsed","lengthContent","lengthPermalink","linksHasInternal","linksHasExternals","linksNotAllExternals","titleStartWithKeyword","titleSentiment","titleHasPowerWords","titleHasNumber","hasContentAI"],"hasRedirection":false,"hasBreadcrumb":false},"homeUrl":"https:\/\/tatranrousinov.cz\/fotbal","objectID":1394,"objectType":"post","locale":"cs","localeFull":"cs_CZ","overlayImages":{"play":{"name":"Ikona p\u0159ehr\u00e1v\u00e1n\u00ed","url":"https:\/\/tatranrousinov.cz\/fotbal\/wp-content\/plugins\/seo-by-rank-math\/assets\/admin\/img\/icon-play.png","path":"\/data\/e\/f\/efa28a3a-b556-43dc-ace6-b932bf859bde\/tatranrousinov.cz\/web\/wp-content\/plugins\/seo-by-rank-math\/assets\/admin\/img\/icon-play.png","position":"middle_center"},"gif":{"name":"GIF ikona","url":"https:\/\/tatranrousinov.cz\/fotbal\/wp-content\/plugins\/seo-by-rank-math\/assets\/admin\/img\/icon-gif.png","path":"\/data\/e\/f\/efa28a3a-b556-43dc-ace6-b932bf859bde\/tatranrousinov.cz\/web\/wp-content\/plugins\/seo-by-rank-math\/assets\/admin\/img\/icon-gif.png","position":"middle_center"}},"defautOgImage":"https:\/\/tatranrousinov.cz\/wp-content\/uploads\/2021\/12\/logoProSocky.jpg","customPermalinks":true,"isUserRegistered":true,"autoSuggestKeywords":true,"connectSiteUrl":"https:\/\/rankmath.com\/auth?site=https%3A%2F%2Ftatranrousinov.cz%2Ffotbal&r=https%3A%2F%2Ftatranrousinov.cz%2Ffotbal%2Fwp-json%2Fwp%2Fv2%2Fpages%2F1394%3Fnonce%3D1628edccc5","maxTags":5,"trendsIcon":"<svg viewBox=\"0 0 610 610\"><path d=\"M18.85,446,174.32,290.48l58.08,58.08L76.93,504a14.54,14.54,0,0,1-20.55,0L18.83,466.48a14.54,14.54,0,0,1,0-20.55Z\" style=\"fill:#4285f4\"\/><path d=\"M242.65,242.66,377.59,377.6l-47.75,47.75a14.54,14.54,0,0,1-20.55,0L174.37,290.43l47.75-47.75A14.52,14.52,0,0,1,242.65,242.66Z\" style=\"fill:#ea4335\"\/><polygon points=\"319.53 319.53 479.26 159.8 537.34 217.88 377.61 377.62 319.53 319.53\" style=\"fill:#fabb05\"\/><path d=\"M594.26,262.73V118.61h0a16.94,16.94,0,0,0-16.94-16.94H433.2a16.94,16.94,0,0,0-12,28.92L565.34,274.71h0a16.94,16.94,0,0,0,28.92-12Z\" style=\"fill:#34a853\"\/><rect width=\"610\" height=\"610\" style=\"fill:none\"\/><\/svg>","showScore":true,"siteFavIcon":"https:\/\/tatranrousinov.cz\/fotbal\/wp-content\/uploads\/sites\/3\/2021\/09\/cropped-favicon-1-32x32.png","canUser":{"general":false,"advanced":false,"snippet":false,"social":false,"analysis":false,"analytics":false,"content_ai":false},"showKeywordIntent":true,"isPro":false,"is_front_page":false,"trendsUpgradeLink":"https:\/\/rankmath.com\/pricing\/?utm_source=Plugin&utm_medium=CE%20General%20Tab%20Trends&utm_campaign=WP","trendsUpgradeLabel":"Upgradovat","trendsPreviewImage":"https:\/\/tatranrousinov.cz\/fotbal\/wp-content\/plugins\/seo-by-rank-math\/assets\/admin\/img\/trends-preview.jpg","currentEditor":false,"homepageData":{"assessor":{"powerWords":[],"diacritics":true,"researchesTests":["contentHasTOC","contentHasShortParagraphs","contentHasAssets","keywordInTitle","keywordInMetaDescription","keywordInPermalink","keywordIn10Percent","keywordInContent","keywordInSubheadings","keywordInImageAlt","keywordDensity","keywordNotUsed","lengthContent","lengthPermalink","linksHasInternal","linksHasExternals","linksNotAllExternals","titleStartWithKeyword","titleSentiment","titleHasPowerWords","titleHasNumber","hasContentAI"],"hasBreadcrumb":false,"serpData":{"title":"%sitename% %sep% %sitedesc%","description":"%sitedesc%","titleTemplate":"%sitename% %page% %sep% %sitedesc%","descriptionTemplate":"","focusKeywords":"","breadcrumbTitle":"Home","robots":{"index":true},"advancedRobots":{"max-snippet":"-1","max-video-preview":"-1","max-image-preview":"large"},"facebookTitle":"","facebookDescription":"","facebookImage":"","facebookImageID":""}}},"tocTitle":"Table of Contents","tocExcludeHeadings":[],"listStyle":"ul"},"_links":{"self":[{"href":"https:\/\/tatranrousinov.cz\/fotbal\/wp-json\/wp\/v2\/pages\/1394","targetHints":{"allow":["GET"]}}],"collection":[{"href":"https:\/\/tatranrousinov.cz\/fotbal\/wp-json\/wp\/v2\/pages"}],"about":[{"href":"https:\/\/tatranrousinov.cz\/fotbal\/wp-json\/wp\/v2\/types\/page"}],"author":[{"embeddable":true,"href":"https:\/\/tatranrousinov.cz\/fotbal\/wp-json\/wp\/v2\/users\/1"}],"replies":[{"embeddable":true,"href":"https:\/\/tatranrousinov.cz\/fotbal\/wp-json\/wp\/v2\/comments?post=1394"}],"version-history":[{"count":4,"href":"https:\/\/tatranrousinov.cz\/fotbal\/wp-json\/wp\/v2\/pages\/1394\/revisions"}],"predecessor-version":[{"id":1406,"href":"https:\/\/tatranrousinov.cz\/fotbal\/wp-json\/wp\/v2\/pages\/1394\/revisions\/1406"}],"wp:attachment":[{"href":"https:\/\/tatranrousinov.cz\/fotbal\/wp-json\/wp\/v2\/media?parent=1394"}],"curies":[{"name":"wp","href":"https:\/\/api.w.org\/{rel}","templated":true}]}}